{"id":357,"date":"2024-01-08T21:48:27","date_gmt":"2024-01-09T00:48:27","guid":{"rendered":"http:\/\/cmsystemarq.com.br\/?page_id=357"},"modified":"2024-01-08T21:59:47","modified_gmt":"2024-01-09T00:59:47","slug":"alarme","status":"publish","type":"page","link":"https:\/\/cmsystemarq.com.br\/?page_id=357","title":{"rendered":"Alarme"},"content":{"rendered":"\n<p>Garantir a seguran\u00e7a e prote\u00e7\u00e3o do nosso im\u00f3vel \u00e9 fundamental, afinal, nossa fam\u00edlia e quem amamos est\u00e3o ali. Com o sistema de alarme, \u00e9 poss\u00edvel inibir a ocorr\u00eancia de invas\u00f5es, assaltos, roubos e outros delitos. Sendo assim, \u00e9 um meio eficaz de garantir a sua seguran\u00e7a e a de toda a sua fam\u00edlia dentro e fora da resid\u00eancia. <\/p>\n\n\n\n<p>Sistema de Alarme \u00e9 poss\u00edvel fazer a conex\u00e3o junto ao seu celular,assim alertando em casos de disparos ou ativa\u00e7\u00e3o \/ desativa\u00e7\u00e3o do alarme.<\/p>\n\n\n\n<figure class=\"wp-block-gallery has-nested-images columns-default is-cropped wp-block-gallery-1 is-layout-flex wp-block-gallery-is-layout-flex\">\n<figure data-wp-context=\"{&quot;uploadedSrc&quot;:&quot;https:\\\/\\\/cmsystemarq.com.br\\\/wp-content\\\/uploads\\\/2024\\\/01\\\/385858279_279481818326554_2732874738449374905_n.jpg&quot;,&quot;figureClassNames&quot;:&quot;wp-block-image alignwide size-large&quot;,&quot;figureStyles&quot;:null,&quot;imgClassNames&quot;:&quot;wp-image-377&quot;,&quot;imgStyles&quot;:null,&quot;targetWidth&quot;:1440,&quot;targetHeight&quot;:1440,&quot;scaleAttr&quot;:false,&quot;ariaLabel&quot;:&quot;Aumentar imagem&quot;,&quot;alt&quot;:&quot;&quot;}\" data-wp-interactive=\"core\/image\" class=\"wp-block-image alignwide size-large wp-lightbox-container\"><img loading=\"lazy\" decoding=\"async\" width=\"1024\" height=\"1024\" data-wp-init=\"callbacks.setButtonStyles\" data-wp-on--click=\"actions.showLightbox\" data-wp-on--load=\"callbacks.setButtonStyles\" data-wp-on-window--resize=\"callbacks.setButtonStyles\" data-id=\"377\" src=\"https:\/\/cmsystemarq.com.br\/wp-content\/uploads\/2024\/01\/385858279_279481818326554_2732874738449374905_n-1024x1024.jpg\" alt=\"\" class=\"wp-image-377\" srcset=\"https:\/\/cmsystemarq.com.br\/wp-content\/uploads\/2024\/01\/385858279_279481818326554_2732874738449374905_n-1024x1024.jpg 1024w, https:\/\/cmsystemarq.com.br\/wp-content\/uploads\/2024\/01\/385858279_279481818326554_2732874738449374905_n-300x300.jpg 300w, https:\/\/cmsystemarq.com.br\/wp-content\/uploads\/2024\/01\/385858279_279481818326554_2732874738449374905_n-150x150.jpg 150w, https:\/\/cmsystemarq.com.br\/wp-content\/uploads\/2024\/01\/385858279_279481818326554_2732874738449374905_n-768x768.jpg 768w, https:\/\/cmsystemarq.com.br\/wp-content\/uploads\/2024\/01\/385858279_279481818326554_2732874738449374905_n.jpg 1440w\" sizes=\"(max-width: 1024px) 100vw, 1024px\" \/><button\n\t\t\tclass=\"lightbox-trigger\"\n\t\t\ttype=\"button\"\n\t\t\taria-haspopup=\"dialog\"\n\t\t\taria-label=\"Aumentar imagem\"\n\t\t\tdata-wp-init=\"callbacks.initTriggerButton\"\n\t\t\tdata-wp-on--click=\"actions.showLightbox\"\n\t\t\tdata-wp-style--right=\"context.imageButtonRight\"\n\t\t\tdata-wp-style--top=\"context.imageButtonTop\"\n\t\t>\n\t\t\t<svg xmlns=\"http:\/\/www.w3.org\/2000\/svg\" width=\"12\" height=\"12\" fill=\"none\" viewBox=\"0 0 12 12\">\n\t\t\t\t<path fill=\"#fff\" d=\"M2 0a2 2 0 0 0-2 2v2h1.5V2a.5.5 0 0 1 .5-.5h2V0H2Zm2 10.5H2a.5.5 0 0 1-.5-.5V8H0v2a2 2 0 0 0 2 2h2v-1.5ZM8 12v-1.5h2a.5.5 0 0 0 .5-.5V8H12v2a2 2 0 0 1-2 2H8Zm2-12a2 2 0 0 1 2 2v2h-1.5V2a.5.5 0 0 0-.5-.5H8V0h2Z\" \/>\n\t\t\t<\/svg>\n\t\t<\/button><\/figure>\n<\/figure>\n","protected":false},"excerpt":{"rendered":"<p>Garantir a seguran\u00e7a e prote\u00e7\u00e3o do nosso im\u00f3vel \u00e9 fundamental, afinal, nossa fam\u00edlia e quem amamos est\u00e3o ali. Com o &#8230; <\/p>\n<p class=\"more-link-container mt-4 mb-2\"><a title=\"Alarme\" class=\"more-link btn btn-primary\" href=\"https:\/\/cmsystemarq.com.br\/?page_id=357#more-357\">Read More<span class=\"screen-reader-text\">Alarme<\/span> <i class=\"fa fa-angle-right\"><\/i><\/a><\/p>\n","protected":false},"author":1,"featured_media":0,"parent":0,"menu_order":0,"comment_status":"closed","ping_status":"closed","template":"","meta":{"footnotes":""},"_links":{"self":[{"href":"https:\/\/cmsystemarq.com.br\/index.php?rest_route=\/wp\/v2\/pages\/357"}],"collection":[{"href":"https:\/\/cmsystemarq.com.br\/index.php?rest_route=\/wp\/v2\/pages"}],"about":[{"href":"https:\/\/cmsystemarq.com.br\/index.php?rest_route=\/wp\/v2\/types\/page"}],"author":[{"embeddable":true,"href":"https:\/\/cmsystemarq.com.br\/index.php?rest_route=\/wp\/v2\/users\/1"}],"replies":[{"embeddable":true,"href":"https:\/\/cmsystemarq.com.br\/index.php?rest_route=%2Fwp%2Fv2%2Fcomments&post=357"}],"version-history":[{"count":4,"href":"https:\/\/cmsystemarq.com.br\/index.php?rest_route=\/wp\/v2\/pages\/357\/revisions"}],"predecessor-version":[{"id":379,"href":"https:\/\/cmsystemarq.com.br\/index.php?rest_route=\/wp\/v2\/pages\/357\/revisions\/379"}],"wp:attachment":[{"href":"https:\/\/cmsystemarq.com.br\/index.php?rest_route=%2Fwp%2Fv2%2Fmedia&parent=357"}],"curies":[{"name":"wp","href":"https:\/\/api.w.org\/{rel}","templated":true}]}}