{"id":368,"date":"2024-01-08T21:51:11","date_gmt":"2024-01-09T00:51:11","guid":{"rendered":"http:\/\/cmsystemarq.com.br\/?page_id=368"},"modified":"2024-01-11T19:01:13","modified_gmt":"2024-01-11T22:01:13","slug":"video-porteiro","status":"publish","type":"page","link":"https:\/\/cmsystemarq.com.br\/?page_id=368","title":{"rendered":"V\u00eddeo Porteiro"},"content":{"rendered":"\n<p>V\u00eddeo porteiro seria (Interfone com c\u00e2mera) Ele acompanha uma tela interna onde a pessoa apertar vai acionar a c\u00e2mera mostrando todo ambiente enfrente aonde foi instalado o v\u00eddeo porteiro externo.<\/p>\n\n\n\n<figure class=\"wp-block-gallery has-nested-images columns-default is-cropped wp-block-gallery-1 is-layout-flex wp-block-gallery-is-layout-flex\">\n<figure class=\"wp-block-image size-large\"><img loading=\"lazy\" decoding=\"async\" width=\"1024\" height=\"1024\" data-id=\"444\" src=\"https:\/\/cmsystemarq.com.br\/wp-content\/uploads\/2024\/01\/VP-1024x1024.jpg\" alt=\"\" class=\"wp-image-444\" srcset=\"https:\/\/cmsystemarq.com.br\/wp-content\/uploads\/2024\/01\/VP-1024x1024.jpg 1024w, https:\/\/cmsystemarq.com.br\/wp-content\/uploads\/2024\/01\/VP-300x300.jpg 300w, https:\/\/cmsystemarq.com.br\/wp-content\/uploads\/2024\/01\/VP-150x150.jpg 150w, https:\/\/cmsystemarq.com.br\/wp-content\/uploads\/2024\/01\/VP-768x768.jpg 768w, https:\/\/cmsystemarq.com.br\/wp-content\/uploads\/2024\/01\/VP.jpg 1440w\" sizes=\"(max-width: 1024px) 100vw, 1024px\" \/><\/figure>\n<\/figure>\n","protected":false},"excerpt":{"rendered":"<p>V\u00eddeo porteiro seria (Interfone com c\u00e2mera) Ele acompanha uma tela interna onde a pessoa apertar vai acionar a c\u00e2mera mostrando &#8230; <\/p>\n<p class=\"more-link-container mt-4 mb-2\"><a title=\"V\u00eddeo Porteiro\" class=\"more-link btn btn-primary\" href=\"https:\/\/cmsystemarq.com.br\/?page_id=368#more-368\">Read More<span class=\"screen-reader-text\">V\u00eddeo Porteiro<\/span> <i class=\"fa fa-angle-right\"><\/i><\/a><\/p>\n","protected":false},"author":1,"featured_media":0,"parent":0,"menu_order":0,"comment_status":"closed","ping_status":"closed","template":"","meta":{"footnotes":""},"_links":{"self":[{"href":"https:\/\/cmsystemarq.com.br\/index.php?rest_route=\/wp\/v2\/pages\/368"}],"collection":[{"href":"https:\/\/cmsystemarq.com.br\/index.php?rest_route=\/wp\/v2\/pages"}],"about":[{"href":"https:\/\/cmsystemarq.com.br\/index.php?rest_route=\/wp\/v2\/types\/page"}],"author":[{"embeddable":true,"href":"https:\/\/cmsystemarq.com.br\/index.php?rest_route=\/wp\/v2\/users\/1"}],"replies":[{"embeddable":true,"href":"https:\/\/cmsystemarq.com.br\/index.php?rest_route=%2Fwp%2Fv2%2Fcomments&post=368"}],"version-history":[{"count":2,"href":"https:\/\/cmsystemarq.com.br\/index.php?rest_route=\/wp\/v2\/pages\/368\/revisions"}],"predecessor-version":[{"id":445,"href":"https:\/\/cmsystemarq.com.br\/index.php?rest_route=\/wp\/v2\/pages\/368\/revisions\/445"}],"wp:attachment":[{"href":"https:\/\/cmsystemarq.com.br\/index.php?rest_route=%2Fwp%2Fv2%2Fmedia&parent=368"}],"curies":[{"name":"wp","href":"https:\/\/api.w.org\/{rel}","templated":true}]}}