{"id":388,"date":"2024-01-08T23:01:45","date_gmt":"2024-01-09T02:01:45","guid":{"rendered":"http:\/\/cmsystemarq.com.br\/?page_id=388"},"modified":"2024-01-11T18:46:43","modified_gmt":"2024-01-11T21:46:43","slug":"fullcolor","status":"publish","type":"page","link":"https:\/\/cmsystemarq.com.br\/?page_id=388","title":{"rendered":"FullColor"},"content":{"rendered":"\n<p>A tecnologia full color \u00e9 a mais indicada para resid\u00eancia,  com\u00e9rcios, supermercados, condom\u00ednios e empresas, pois otimiza a seguran\u00e7a nesses ambientes com imagens coloridas 24 horas por dia.<\/p>\n\n\n\n<figure class=\"wp-block-image size-large is-resized\"><img loading=\"lazy\" decoding=\"async\" width=\"1024\" height=\"1024\" src=\"https:\/\/cmsystemarq.com.br\/wp-content\/uploads\/2024\/01\/fhd-1-1024x1024.jpg\" alt=\"\" class=\"wp-image-428\" style=\"width:503px;height:auto\" srcset=\"https:\/\/cmsystemarq.com.br\/wp-content\/uploads\/2024\/01\/fhd-1-1024x1024.jpg 1024w, https:\/\/cmsystemarq.com.br\/wp-content\/uploads\/2024\/01\/fhd-1-300x300.jpg 300w, https:\/\/cmsystemarq.com.br\/wp-content\/uploads\/2024\/01\/fhd-1-150x150.jpg 150w, https:\/\/cmsystemarq.com.br\/wp-content\/uploads\/2024\/01\/fhd-1-768x768.jpg 768w, https:\/\/cmsystemarq.com.br\/wp-content\/uploads\/2024\/01\/fhd-1.jpg 1440w\" sizes=\"(max-width: 1024px) 100vw, 1024px\" \/><\/figure>\n\n\n\n<figure class=\"wp-block-image size-full\"><img loading=\"lazy\" decoding=\"async\" width=\"590\" height=\"360\" src=\"https:\/\/cmsystemarq.com.br\/wp-content\/uploads\/2024\/01\/2492-FINAL-Novo-Flyer-Digital-VIP-7225-FULL-COLOR_09-1.jpg\" alt=\"\" class=\"wp-image-430\" srcset=\"https:\/\/cmsystemarq.com.br\/wp-content\/uploads\/2024\/01\/2492-FINAL-Novo-Flyer-Digital-VIP-7225-FULL-COLOR_09-1.jpg 590w, https:\/\/cmsystemarq.com.br\/wp-content\/uploads\/2024\/01\/2492-FINAL-Novo-Flyer-Digital-VIP-7225-FULL-COLOR_09-1-300x183.jpg 300w\" sizes=\"(max-width: 590px) 100vw, 590px\" \/><\/figure>\n","protected":false},"excerpt":{"rendered":"<p>A tecnologia full color \u00e9 a mais indicada para resid\u00eancia, com\u00e9rcios, supermercados, condom\u00ednios e empresas, pois otimiza a seguran\u00e7a nesses &#8230; <\/p>\n<p class=\"more-link-container mt-4 mb-2\"><a title=\"FullColor\" class=\"more-link btn btn-primary\" href=\"https:\/\/cmsystemarq.com.br\/?page_id=388#more-388\">Read More<span class=\"screen-reader-text\">FullColor<\/span> <i class=\"fa fa-angle-right\"><\/i><\/a><\/p>\n","protected":false},"author":1,"featured_media":0,"parent":0,"menu_order":0,"comment_status":"closed","ping_status":"closed","template":"","meta":{"footnotes":""},"_links":{"self":[{"href":"https:\/\/cmsystemarq.com.br\/index.php?rest_route=\/wp\/v2\/pages\/388"}],"collection":[{"href":"https:\/\/cmsystemarq.com.br\/index.php?rest_route=\/wp\/v2\/pages"}],"about":[{"href":"https:\/\/cmsystemarq.com.br\/index.php?rest_route=\/wp\/v2\/types\/page"}],"author":[{"embeddable":true,"href":"https:\/\/cmsystemarq.com.br\/index.php?rest_route=\/wp\/v2\/users\/1"}],"replies":[{"embeddable":true,"href":"https:\/\/cmsystemarq.com.br\/index.php?rest_route=%2Fwp%2Fv2%2Fcomments&post=388"}],"version-history":[{"count":2,"href":"https:\/\/cmsystemarq.com.br\/index.php?rest_route=\/wp\/v2\/pages\/388\/revisions"}],"predecessor-version":[{"id":431,"href":"https:\/\/cmsystemarq.com.br\/index.php?rest_route=\/wp\/v2\/pages\/388\/revisions\/431"}],"wp:attachment":[{"href":"https:\/\/cmsystemarq.com.br\/index.php?rest_route=%2Fwp%2Fv2%2Fmedia&parent=388"}],"curies":[{"name":"wp","href":"https:\/\/api.w.org\/{rel}","templated":true}]}}