{"id":392,"date":"2024-01-08T23:02:36","date_gmt":"2024-01-09T02:02:36","guid":{"rendered":"http:\/\/cmsystemarq.com.br\/?page_id=392"},"modified":"2024-01-11T18:53:08","modified_gmt":"2024-01-11T21:53:08","slug":"hastes-industriais","status":"publish","type":"page","link":"https:\/\/cmsystemarq.com.br\/?page_id=392","title":{"rendered":"Hastes Industriais"},"content":{"rendered":"\n<p>Com as big hastes voc\u00ea tamb\u00e9m pode instalar uma cerca robusta e imponente em sua resid\u00eancia.<\/p>\n\n\n\n<p><\/p>\n\n\n\n<p><\/p>\n\n\n\n<figure class=\"wp-block-image size-large\"><img loading=\"lazy\" decoding=\"async\" width=\"1024\" height=\"1024\" src=\"https:\/\/cmsystemarq.com.br\/wp-content\/uploads\/2024\/01\/bigh-1024x1024.jpg\" alt=\"\" class=\"wp-image-435\" srcset=\"https:\/\/cmsystemarq.com.br\/wp-content\/uploads\/2024\/01\/bigh-1024x1024.jpg 1024w, https:\/\/cmsystemarq.com.br\/wp-content\/uploads\/2024\/01\/bigh-300x300.jpg 300w, https:\/\/cmsystemarq.com.br\/wp-content\/uploads\/2024\/01\/bigh-150x150.jpg 150w, https:\/\/cmsystemarq.com.br\/wp-content\/uploads\/2024\/01\/bigh-768x768.jpg 768w, https:\/\/cmsystemarq.com.br\/wp-content\/uploads\/2024\/01\/bigh.jpg 1440w\" sizes=\"(max-width: 1024px) 100vw, 1024px\" \/><\/figure>\n","protected":false},"excerpt":{"rendered":"<p>Com as big hastes voc\u00ea tamb\u00e9m pode instalar uma cerca robusta e imponente em sua resid\u00eancia.<\/p>\n","protected":false},"author":1,"featured_media":0,"parent":0,"menu_order":0,"comment_status":"closed","ping_status":"closed","template":"","meta":{"footnotes":""},"_links":{"self":[{"href":"https:\/\/cmsystemarq.com.br\/index.php?rest_route=\/wp\/v2\/pages\/392"}],"collection":[{"href":"https:\/\/cmsystemarq.com.br\/index.php?rest_route=\/wp\/v2\/pages"}],"about":[{"href":"https:\/\/cmsystemarq.com.br\/index.php?rest_route=\/wp\/v2\/types\/page"}],"author":[{"embeddable":true,"href":"https:\/\/cmsystemarq.com.br\/index.php?rest_route=\/wp\/v2\/users\/1"}],"replies":[{"embeddable":true,"href":"https:\/\/cmsystemarq.com.br\/index.php?rest_route=%2Fwp%2Fv2%2Fcomments&post=392"}],"version-history":[{"count":2,"href":"https:\/\/cmsystemarq.com.br\/index.php?rest_route=\/wp\/v2\/pages\/392\/revisions"}],"predecessor-version":[{"id":436,"href":"https:\/\/cmsystemarq.com.br\/index.php?rest_route=\/wp\/v2\/pages\/392\/revisions\/436"}],"wp:attachment":[{"href":"https:\/\/cmsystemarq.com.br\/index.php?rest_route=%2Fwp%2Fv2%2Fmedia&parent=392"}],"curies":[{"name":"wp","href":"https:\/\/api.w.org\/{rel}","templated":true}]}}