{"id":394,"date":"2024-01-08T23:03:25","date_gmt":"2024-01-09T02:03:25","guid":{"rendered":"http:\/\/cmsystemarq.com.br\/?page_id=394"},"modified":"2024-01-11T18:50:18","modified_gmt":"2024-01-11T21:50:18","slug":"haste-4-isolador","status":"publish","type":"page","link":"https:\/\/cmsystemarq.com.br\/?page_id=394","title":{"rendered":"Haste 4 isolador"},"content":{"rendered":"\n<p>\u00a0Haste em alum\u00ednio, \u00e9 a mais comum e mais utilizada por possuir \u00f3timo custo benef\u00edcio<\/p>\n\n\n\n<p><\/p>\n\n\n\n<figure class=\"wp-block-gallery has-nested-images columns-default is-cropped wp-block-gallery-1 is-layout-flex wp-block-gallery-is-layout-flex\">\n<figure data-wp-context=\"{&quot;uploadedSrc&quot;:&quot;https:\\\/\\\/cmsystemarq.com.br\\\/wp-content\\\/uploads\\\/2024\\\/01\\\/4isola.jpg&quot;,&quot;figureClassNames&quot;:&quot;wp-block-image size-large&quot;,&quot;figureStyles&quot;:null,&quot;imgClassNames&quot;:&quot;wp-image-432&quot;,&quot;imgStyles&quot;:null,&quot;targetWidth&quot;:1440,&quot;targetHeight&quot;:1440,&quot;scaleAttr&quot;:false,&quot;ariaLabel&quot;:&quot;Aumentar imagem&quot;,&quot;alt&quot;:&quot;&quot;}\" data-wp-interactive=\"core\/image\" class=\"wp-block-image size-large wp-lightbox-container\"><img loading=\"lazy\" decoding=\"async\" width=\"1024\" height=\"1024\" data-wp-init=\"callbacks.setButtonStyles\" data-wp-on--click=\"actions.showLightbox\" data-wp-on--load=\"callbacks.setButtonStyles\" data-wp-on-window--resize=\"callbacks.setButtonStyles\" data-id=\"432\" src=\"https:\/\/cmsystemarq.com.br\/wp-content\/uploads\/2024\/01\/4isola-1024x1024.jpg\" alt=\"\" class=\"wp-image-432\" srcset=\"https:\/\/cmsystemarq.com.br\/wp-content\/uploads\/2024\/01\/4isola-1024x1024.jpg 1024w, https:\/\/cmsystemarq.com.br\/wp-content\/uploads\/2024\/01\/4isola-300x300.jpg 300w, https:\/\/cmsystemarq.com.br\/wp-content\/uploads\/2024\/01\/4isola-150x150.jpg 150w, https:\/\/cmsystemarq.com.br\/wp-content\/uploads\/2024\/01\/4isola-768x768.jpg 768w, https:\/\/cmsystemarq.com.br\/wp-content\/uploads\/2024\/01\/4isola.jpg 1440w\" sizes=\"(max-width: 1024px) 100vw, 1024px\" \/><button\n\t\t\tclass=\"lightbox-trigger\"\n\t\t\ttype=\"button\"\n\t\t\taria-haspopup=\"dialog\"\n\t\t\taria-label=\"Aumentar imagem\"\n\t\t\tdata-wp-init=\"callbacks.initTriggerButton\"\n\t\t\tdata-wp-on--click=\"actions.showLightbox\"\n\t\t\tdata-wp-style--right=\"context.imageButtonRight\"\n\t\t\tdata-wp-style--top=\"context.imageButtonTop\"\n\t\t>\n\t\t\t<svg xmlns=\"http:\/\/www.w3.org\/2000\/svg\" width=\"12\" height=\"12\" fill=\"none\" viewBox=\"0 0 12 12\">\n\t\t\t\t<path fill=\"#fff\" d=\"M2 0a2 2 0 0 0-2 2v2h1.5V2a.5.5 0 0 1 .5-.5h2V0H2Zm2 10.5H2a.5.5 0 0 1-.5-.5V8H0v2a2 2 0 0 0 2 2h2v-1.5ZM8 12v-1.5h2a.5.5 0 0 0 .5-.5V8H12v2a2 2 0 0 1-2 2H8Zm2-12a2 2 0 0 1 2 2v2h-1.5V2a.5.5 0 0 0-.5-.5H8V0h2Z\" \/>\n\t\t\t<\/svg>\n\t\t<\/button><\/figure>\n<\/figure>\n","protected":false},"excerpt":{"rendered":"<p>\u00a0Haste em alum\u00ednio, \u00e9 a mais comum e mais utilizada por possuir \u00f3timo custo benef\u00edcio<\/p>\n","protected":false},"author":1,"featured_media":0,"parent":0,"menu_order":0,"comment_status":"closed","ping_status":"closed","template":"","meta":{"footnotes":""},"_links":{"self":[{"href":"https:\/\/cmsystemarq.com.br\/index.php?rest_route=\/wp\/v2\/pages\/394"}],"collection":[{"href":"https:\/\/cmsystemarq.com.br\/index.php?rest_route=\/wp\/v2\/pages"}],"about":[{"href":"https:\/\/cmsystemarq.com.br\/index.php?rest_route=\/wp\/v2\/types\/page"}],"author":[{"embeddable":true,"href":"https:\/\/cmsystemarq.com.br\/index.php?rest_route=\/wp\/v2\/users\/1"}],"replies":[{"embeddable":true,"href":"https:\/\/cmsystemarq.com.br\/index.php?rest_route=%2Fwp%2Fv2%2Fcomments&post=394"}],"version-history":[{"count":2,"href":"https:\/\/cmsystemarq.com.br\/index.php?rest_route=\/wp\/v2\/pages\/394\/revisions"}],"predecessor-version":[{"id":434,"href":"https:\/\/cmsystemarq.com.br\/index.php?rest_route=\/wp\/v2\/pages\/394\/revisions\/434"}],"wp:attachment":[{"href":"https:\/\/cmsystemarq.com.br\/index.php?rest_route=%2Fwp%2Fv2%2Fmedia&parent=394"}],"curies":[{"name":"wp","href":"https:\/\/api.w.org\/{rel}","templated":true}]}}