{"id":404,"date":"2024-01-08T23:05:39","date_gmt":"2024-01-09T02:05:39","guid":{"rendered":"http:\/\/cmsystemarq.com.br\/?page_id=404"},"modified":"2024-01-11T18:30:20","modified_gmt":"2024-01-11T21:30:20","slug":"sobre-nos","status":"publish","type":"page","link":"https:\/\/cmsystemarq.com.br\/?page_id=404","title":{"rendered":"Sobre n\u00f3s"},"content":{"rendered":"\n<h2 class=\"wp-block-heading\">Sobre N\u00f3s<\/h2>\n\n\n\n<p>Bem-vindo a\u00a0CM SYSTEM. Somos uma empresa brasileira que tem como objetivo principal levar a os nossos cliente a melhor seguran\u00e7a para seu im\u00f3vel. Nosso trabalho consiste em sempre entregar  servi\u00e7o de alta qualidade para aqueles que buscam uma seguran\u00e7a confi\u00e1vel e de qualidade .<\/p>\n\n\n\n<p>Nossa equipe \u00e9 formada por profissionais experientes e dedicados que trabalham incansavelmente para entregar a melhor seguran\u00e7a com qualidade para seu im\u00f3vel. <\/p>\n\n\n\n<p>Nosso compromisso com a entrega da seguran\u00e7a para o cliente  \u00e9 evidente em tudo o que fazemos. Acreditamos que para chegar a um ponto de qualidade devemos sempre entregar conforme o prometido,  a chave para o desenvolvimento pessoal e profissional, e por isso, estamos empenhados em fornecer instala\u00e7\u00e3o de qualidade que ajudem as pessoas a se sentirem seguras em seu pr\u00f3prio lar. Obrigado por visitar nosso site, e esperamos que voc\u00ea seja o nosso cliente!<\/p>\n","protected":false},"excerpt":{"rendered":"<p>Sobre N\u00f3s Bem-vindo a\u00a0CM SYSTEM. Somos uma empresa brasileira que tem como objetivo principal levar a os nossos cliente a &#8230; <\/p>\n<p class=\"more-link-container mt-4 mb-2\"><a title=\"Sobre n\u00f3s\" class=\"more-link btn btn-primary\" href=\"https:\/\/cmsystemarq.com.br\/?page_id=404#more-404\">Read More<span class=\"screen-reader-text\">Sobre n\u00f3s<\/span> <i class=\"fa fa-angle-right\"><\/i><\/a><\/p>\n","protected":false},"author":1,"featured_media":0,"parent":0,"menu_order":0,"comment_status":"closed","ping_status":"closed","template":"","meta":{"footnotes":""},"_links":{"self":[{"href":"https:\/\/cmsystemarq.com.br\/index.php?rest_route=\/wp\/v2\/pages\/404"}],"collection":[{"href":"https:\/\/cmsystemarq.com.br\/index.php?rest_route=\/wp\/v2\/pages"}],"about":[{"href":"https:\/\/cmsystemarq.com.br\/index.php?rest_route=\/wp\/v2\/types\/page"}],"author":[{"embeddable":true,"href":"https:\/\/cmsystemarq.com.br\/index.php?rest_route=\/wp\/v2\/users\/1"}],"replies":[{"embeddable":true,"href":"https:\/\/cmsystemarq.com.br\/index.php?rest_route=%2Fwp%2Fv2%2Fcomments&post=404"}],"version-history":[{"count":3,"href":"https:\/\/cmsystemarq.com.br\/index.php?rest_route=\/wp\/v2\/pages\/404\/revisions"}],"predecessor-version":[{"id":421,"href":"https:\/\/cmsystemarq.com.br\/index.php?rest_route=\/wp\/v2\/pages\/404\/revisions\/421"}],"wp:attachment":[{"href":"https:\/\/cmsystemarq.com.br\/index.php?rest_route=%2Fwp%2Fv2%2Fmedia&parent=404"}],"curies":[{"name":"wp","href":"https:\/\/api.w.org\/{rel}","templated":true}]}}